{"id":991896,"date":"2021-12-01T23:48:55","date_gmt":"2021-12-01T22:48:55","guid":{"rendered":"https:\/\/isphs.pl\/?page_id=991896"},"modified":"2026-01-22T14:10:29","modified_gmt":"2026-01-22T13:10:29","slug":"clinic","status":"publish","type":"page","link":"https:\/\/isphs.pl\/en\/clinic\/","title":{"rendered":"Clinic"},"content":{"rendered":"\t\t<div data-elementor-type=\"wp-page\" data-elementor-id=\"991896\" class=\"elementor elementor-991896\" data-elementor-post-type=\"page\">\n\t\t\t\t\t\t<section class=\"elementor-section elementor-top-section elementor-element elementor-element-d64bc6e elementor-section-height-min-height elementor-section-boxed elementor-section-height-default elementor-section-items-middle\" data-id=\"d64bc6e\" data-element_type=\"section\" data-settings=\"{&quot;background_background&quot;:&quot;classic&quot;}\">\n\t\t\t\t\t\t\t<div class=\"elementor-background-overlay\"><\/div>\n\t\t\t\t\t\t\t<div class=\"elementor-container elementor-column-gap-default\">\n\t\t\t\t\t<div class=\"elementor-column elementor-col-100 elementor-top-column elementor-element elementor-element-fa2ae3e\" data-id=\"fa2ae3e\" data-element_type=\"column\" data-settings=\"{&quot;background_background&quot;:&quot;classic&quot;}\">\n\t\t\t<div class=\"elementor-widget-wrap\">\n\t\t\t\t\t\t\t<\/div>\n\t\t<\/div>\n\t\t\t\t\t<\/div>\n\t\t<\/section>\n\t\t\t\t<section class=\"elementor-section elementor-top-section elementor-element elementor-element-118bd99 elementor-section-boxed elementor-section-height-default elementor-section-height-default\" data-id=\"118bd99\" data-element_type=\"section\">\n\t\t\t\t\t\t<div class=\"elementor-container elementor-column-gap-no\">\n\t\t\t\t\t<div class=\"elementor-column elementor-col-50 elementor-top-column elementor-element elementor-element-08422df animated-fast elementor-invisible\" data-id=\"08422df\" data-element_type=\"column\" data-settings=\"{&quot;background_background&quot;:&quot;classic&quot;,&quot;animation&quot;:&quot;fadeIn&quot;,&quot;animation_tablet&quot;:&quot;none&quot;,&quot;animation_mobile&quot;:&quot;none&quot;,&quot;animation_delay&quot;:100}\">\n\t\t\t<div class=\"elementor-widget-wrap elementor-element-populated\">\n\t\t\t\t\t\t\t<\/div>\n\t\t<\/div>\n\t\t\t\t<div class=\"elementor-column elementor-col-50 elementor-top-column elementor-element elementor-element-43f7226 elementor-hidden-desktop elementor-hidden-tablet elementor-hidden-phone\" data-id=\"43f7226\" data-element_type=\"column\">\n\t\t\t<div class=\"elementor-widget-wrap\">\n\t\t\t\t\t\t\t<\/div>\n\t\t<\/div>\n\t\t\t\t\t<\/div>\n\t\t<\/section>\n\t\t\t\t<section class=\"elementor-section elementor-top-section elementor-element elementor-element-92168b0 elementor-reverse-mobile elementor-section-boxed elementor-section-height-default elementor-section-height-default\" data-id=\"92168b0\" data-element_type=\"section\" data-settings=\"{&quot;background_background&quot;:&quot;classic&quot;}\">\n\t\t\t\t\t\t<div class=\"elementor-container elementor-column-gap-default\">\n\t\t\t\t\t<div class=\"elementor-column elementor-col-100 elementor-top-column elementor-element elementor-element-00d5e18\" data-id=\"00d5e18\" data-element_type=\"column\">\n\t\t\t<div class=\"elementor-widget-wrap elementor-element-populated\">\n\t\t\t\t\t\t<div class=\"elementor-element elementor-element-4bca3d7 elementor-widget elementor-widget-heading\" data-id=\"4bca3d7\" data-element_type=\"widget\" data-widget_type=\"heading.default\">\n\t\t\t\t<div class=\"elementor-widget-container\">\n\t\t\t\t\t<h2 class=\"elementor-heading-title elementor-size-default\">The Psychotherapeutic Outpatient Clinic of The Hanna Segal\u00a0Institute for Psychoanalytic Studies<\/h2>\t\t\t\t<\/div>\n\t\t\t\t<\/div>\n\t\t\t\t<div class=\"elementor-element elementor-element-89b7513 elementor-widget elementor-widget-text-editor\" data-id=\"89b7513\" data-element_type=\"widget\" data-settings=\"{&quot;_animation&quot;:&quot;none&quot;,&quot;_animation_tablet&quot;:&quot;none&quot;,&quot;_animation_mobile&quot;:&quot;none&quot;,&quot;_animation_delay&quot;:200}\" data-widget_type=\"text-editor.default\">\n\t\t\t\t<div class=\"elementor-widget-container\">\n\t\t\t\t\t\t\t\t\t<p><span style=\"font-weight: 400;\">The clinic works at:<\/span><\/p><ol><li style=\"font-weight: 400;\" aria-level=\"1\"><span style=\"font-weight: 400;\">The Hanna Segal Institute for Psychoanalytic Studies \u00a0in Warsaw, Lanciego St. 9H\u00a0<\/span><\/li><li style=\"font-weight: 400;\" aria-level=\"1\"><span style=\"font-weight: 400;\">The Hanna Segal Institute for Psychoanalytic Studies \u00a0in Gdynia, \u015awi\u0119toja\u0144ska St. 60\/2<\/span><\/li><li style=\"font-weight: 400;\" aria-level=\"1\"><span style=\"font-weight: 400;\">The Hanna Segal Institute for Psychoanalytic Studies \u00a0in Krak\u00f3w, Komorowskiego St. 7\/5<\/span><\/li><\/ol><p><span style=\"font-weight: 400;\">Appointments can be scheduled through the office at +48 697-485-747, Monday to Friday from 8:00 AM to 2:00 PM.<\/span><\/p><p><span style=\"font-size: 16px; font-style: normal; font-variant-caps: normal; font-family: Dosis, sans-serif;\">3 consultations are free of charge or low-paid (to those who cannot afford to pay). If it is necessery an individual or group psychoterapy can be offered. We provide psychoanalytic psychoterapy for children, adolescents, adults and the elderly. as well as\u00a0 perinatal psychological suport for parents\/mothers. The fee can be flexible due to the patients situation. Psychotherapy can be run in Polish, Ukrainian, Russian, Belorusian and English.<\/span><\/p>\t\t\t\t\t\t\t\t<\/div>\n\t\t\t\t<\/div>\n\t\t\t\t<div class=\"elementor-element elementor-element-7f01177 elementor-widget elementor-widget-heading\" data-id=\"7f01177\" data-element_type=\"widget\" data-widget_type=\"heading.default\">\n\t\t\t\t<div class=\"elementor-widget-container\">\n\t\t\t\t\t<h2 class=\"elementor-heading-title elementor-size-default\">Clinic goals<\/h2>\t\t\t\t<\/div>\n\t\t\t\t<\/div>\n\t\t\t\t<div class=\"elementor-element elementor-element-cb9bd65 elementor-widget elementor-widget-text-editor\" data-id=\"cb9bd65\" data-element_type=\"widget\" data-settings=\"{&quot;_animation&quot;:&quot;none&quot;,&quot;_animation_tablet&quot;:&quot;none&quot;,&quot;_animation_mobile&quot;:&quot;none&quot;,&quot;_animation_delay&quot;:200}\" data-widget_type=\"text-editor.default\">\n\t\t\t\t<div class=\"elementor-widget-container\">\n\t\t\t\t\t\t\t\t\t<p>Our aim is to help people recognize and understand the reasons behind the difficulties they struggle with and, if recommended or necessary, find the best method of treatment, suitable to one\u2019s needs. During initial diagnostic consultations the therapist works together with the patient to identify and explore the depth of the causes of difficulties experienced by the patient. They also seek to gain a better understanding of the way the patient thinks and feels. The consultations are an opportunity for a patient to get acquinted with the nature of therapeutic approach based on understanding the reasons behind the way we function<br \/>The consultations lead to formulate a recommendation for what is best for the person seeking help, according to his\/her specific financial possibilities, time schedule as well as psychological needs and capacities. This could include any other type of psychotherapy or psychological support.<\/p><p>The team of therapists and supervisors offer diagnostic consultations for children, adolescents, adults and families. The perinatal psychological assistance for women and families is also provided.<\/p>\t\t\t\t\t\t\t\t<\/div>\n\t\t\t\t<\/div>\n\t\t\t\t<div class=\"elementor-element elementor-element-91b888c elementor-widget elementor-widget-heading\" data-id=\"91b888c\" data-element_type=\"widget\" data-widget_type=\"heading.default\">\n\t\t\t\t<div class=\"elementor-widget-container\">\n\t\t\t\t\t<h2 class=\"elementor-heading-title elementor-size-default\">Perinatal psychological assistance<\/h2>\t\t\t\t<\/div>\n\t\t\t\t<\/div>\n\t\t\t\t<div class=\"elementor-element elementor-element-0d77b8e elementor-widget elementor-widget-text-editor\" data-id=\"0d77b8e\" data-element_type=\"widget\" data-settings=\"{&quot;_animation&quot;:&quot;none&quot;,&quot;_animation_tablet&quot;:&quot;none&quot;,&quot;_animation_mobile&quot;:&quot;none&quot;,&quot;_animation_delay&quot;:200}\" data-widget_type=\"text-editor.default\">\n\t\t\t\t<div class=\"elementor-widget-container\">\n\t\t\t\t\t\t\t\t\t<p>The moment of birth leaves a unique kind of residue in human mental life, both men and women, which consists of particular experiences and fantasies. Pregnancy, labour, breast feeding, infant\u2019s first relations with it\u2019s mother, they all evoke primal feelings in both children and parents, even in a stable envoirment. A specialist psychological assistance may be highly needed and helpful at this particular time. We believe it is indispensable in difficult and traumatic circumstances such as miscarriage or early infant death. Even a one-off professional assistance helps patients, both men and women, to better understand the causes of occuring immobilization and disfunctioning of the mind and to regain the capacity to communicate with one\u2019s own self and with others.<\/p>\t\t\t\t\t\t\t\t<\/div>\n\t\t\t\t<\/div>\n\t\t\t\t<div class=\"elementor-element elementor-element-35260dd elementor-widget elementor-widget-heading\" data-id=\"35260dd\" data-element_type=\"widget\" data-widget_type=\"heading.default\">\n\t\t\t\t<div class=\"elementor-widget-container\">\n\t\t\t\t\t<h2 class=\"elementor-heading-title elementor-size-default\">The elderly<\/h2>\t\t\t\t<\/div>\n\t\t\t\t<\/div>\n\t\t\t\t<div class=\"elementor-element elementor-element-613ed7a elementor-widget elementor-widget-text-editor\" data-id=\"613ed7a\" data-element_type=\"widget\" data-settings=\"{&quot;_animation&quot;:&quot;none&quot;,&quot;_animation_tablet&quot;:&quot;none&quot;,&quot;_animation_mobile&quot;:&quot;none&quot;,&quot;_animation_delay&quot;:200}\" data-widget_type=\"text-editor.default\">\n\t\t\t\t<div class=\"elementor-widget-container\">\n\t\t\t\t\t\t\t\t\t<p>The clinic also provides help for the elderly as a part of individual meetings or group therapy. For many years it was believed that psychoterapeutic work with the elderly on their struggle with aging has a limited application and aotcome. To this day many of the symptoms of late-life depression associated with awareness of death, the loss of professional capabilities and the loss of loved ones, as well as various somatic disorders are regarded as symptoms of dementia, that can by partly modified by pharmacology. The experience of psychoanalytic work proves this wrong and shows that even a short period of consultations may help the elderly to cope with aging and to understand how the loss of loved ones and a sense of diminishing physical and intellectual capabilities immobilize regular mental, perceptual and emotional functions. Our experience shows that these functions can be regained to some extent in a therapeutic process.<\/p>\t\t\t\t\t\t\t\t<\/div>\n\t\t\t\t<\/div>\n\t\t\t\t<div class=\"elementor-element elementor-element-d009185 elementor-widget elementor-widget-heading\" data-id=\"d009185\" data-element_type=\"widget\" data-widget_type=\"heading.default\">\n\t\t\t\t<div class=\"elementor-widget-container\">\n\t\t\t\t\t<h2 class=\"elementor-heading-title elementor-size-default\">Adolescents<\/h2>\t\t\t\t<\/div>\n\t\t\t\t<\/div>\n\t\t\t\t<div class=\"elementor-element elementor-element-bda3988 elementor-widget elementor-widget-text-editor\" data-id=\"bda3988\" data-element_type=\"widget\" data-settings=\"{&quot;_animation&quot;:&quot;none&quot;,&quot;_animation_tablet&quot;:&quot;none&quot;,&quot;_animation_mobile&quot;:&quot;none&quot;,&quot;_animation_delay&quot;:200}\" data-widget_type=\"text-editor.default\">\n\t\t\t\t<div class=\"elementor-widget-container\">\n\t\t\t\t\t\t\t\t\t<p>As part of the provision of group therapy the clinic also addresses adolescents (apart from individual psychoterapy), who struggle with the challenges of graduating from school and college, starting a professional carrer and settling into a new reality.<\/p>\t\t\t\t\t\t\t\t<\/div>\n\t\t\t\t<\/div>\n\t\t\t\t\t<\/div>\n\t\t<\/div>\n\t\t\t\t\t<\/div>\n\t\t<\/section>\n\t\t\t\t<\/div>\n\t\t","protected":false},"excerpt":{"rendered":"<p>The Psychotherapeutic Outpatient Clinic of The Hanna Segal\u00a0Institute for Psychoanalytic Studies The clinic works at: The Hanna Segal Institute for Psychoanalytic Studies \u00a0in Warsaw, Lanciego St. 9H\u00a0 The Hanna Segal Institute for Psychoanalytic Studies \u00a0in Gdynia, \u015awi\u0119toja\u0144ska St. 60\/2 The Hanna Segal Institute for Psychoanalytic Studies \u00a0in Krak\u00f3w, Komorowskiego St. 7\/5 Appointments can be scheduled&#8230;<\/p>\n","protected":false},"author":1,"featured_media":0,"parent":0,"menu_order":0,"comment_status":"closed","ping_status":"closed","template":"","meta":{"footnotes":""},"class_list":["post-991896","page","type-page","status-publish","hentry"],"yoast_head":"<!-- This site is optimized with the Yoast SEO plugin v26.8 - https:\/\/yoast.com\/product\/yoast-seo-wordpress\/ -->\n<title>Clinic - Instytut Studi\u00f3w Psychoanalitycznych im. Hanny Segal (ISPHS)<\/title>\n<meta name=\"robots\" content=\"index, follow, max-snippet:-1, max-image-preview:large, max-video-preview:-1\" \/>\n<link rel=\"canonical\" href=\"https:\/\/isphs.pl\/en\/clinic\/\" \/>\n<meta property=\"og:locale\" content=\"en_US\" \/>\n<meta property=\"og:type\" content=\"article\" \/>\n<meta property=\"og:title\" content=\"Clinic - Instytut Studi\u00f3w Psychoanalitycznych im. Hanny Segal (ISPHS)\" \/>\n<meta property=\"og:description\" content=\"The Psychotherapeutic Outpatient Clinic of The Hanna Segal\u00a0Institute for Psychoanalytic Studies The clinic works at: The Hanna Segal Institute for Psychoanalytic Studies \u00a0in Warsaw, Lanciego St. 9H\u00a0 The Hanna Segal Institute for Psychoanalytic Studies \u00a0in Gdynia, \u015awi\u0119toja\u0144ska St. 60\/2 The Hanna Segal Institute for Psychoanalytic Studies \u00a0in Krak\u00f3w, Komorowskiego St. 7\/5 Appointments can be scheduled...\" \/>\n<meta property=\"og:url\" content=\"https:\/\/isphs.pl\/en\/clinic\/\" \/>\n<meta property=\"og:site_name\" content=\"Instytut Studi\u00f3w Psychoanalitycznych im. Hanny Segal (ISPHS)\" \/>\n<meta property=\"article:modified_time\" content=\"2026-01-22T13:10:29+00:00\" \/>\n<meta name=\"twitter:card\" content=\"summary_large_image\" \/>\n<meta name=\"twitter:label1\" content=\"Est. reading time\" \/>\n\t<meta name=\"twitter:data1\" content=\"3 minutes\" \/>\n<script type=\"application\/ld+json\" class=\"yoast-schema-graph\">{\"@context\":\"https:\/\/schema.org\",\"@graph\":[{\"@type\":\"WebPage\",\"@id\":\"https:\/\/isphs.pl\/en\/clinic\/\",\"url\":\"https:\/\/isphs.pl\/en\/clinic\/\",\"name\":\"Clinic - Instytut Studi\u00f3w Psychoanalitycznych im. Hanny Segal (ISPHS)\",\"isPartOf\":{\"@id\":\"https:\/\/isphs.pl\/#website\"},\"datePublished\":\"2021-12-01T22:48:55+00:00\",\"dateModified\":\"2026-01-22T13:10:29+00:00\",\"breadcrumb\":{\"@id\":\"https:\/\/isphs.pl\/en\/clinic\/#breadcrumb\"},\"inLanguage\":\"en-US\",\"potentialAction\":[{\"@type\":\"ReadAction\",\"target\":[\"https:\/\/isphs.pl\/en\/clinic\/\"]}]},{\"@type\":\"BreadcrumbList\",\"@id\":\"https:\/\/isphs.pl\/en\/clinic\/#breadcrumb\",\"itemListElement\":[{\"@type\":\"ListItem\",\"position\":1,\"name\":\"Strona g\u0142\u00f3wna\",\"item\":\"https:\/\/isphs.pl\/en\/\"},{\"@type\":\"ListItem\",\"position\":2,\"name\":\"Clinic\"}]},{\"@type\":\"WebSite\",\"@id\":\"https:\/\/isphs.pl\/#website\",\"url\":\"https:\/\/isphs.pl\/\",\"name\":\"Instytut Studi\u00f3w Psychoanalitycznych im. Hanny Segal (ISPHS)\",\"description\":\"\",\"publisher\":{\"@id\":\"https:\/\/isphs.pl\/#organization\"},\"potentialAction\":[{\"@type\":\"SearchAction\",\"target\":{\"@type\":\"EntryPoint\",\"urlTemplate\":\"https:\/\/isphs.pl\/?s={search_term_string}\"},\"query-input\":{\"@type\":\"PropertyValueSpecification\",\"valueRequired\":true,\"valueName\":\"search_term_string\"}}],\"inLanguage\":\"en-US\"},{\"@type\":\"Organization\",\"@id\":\"https:\/\/isphs.pl\/#organization\",\"name\":\"Instytut Studi\u00f3w Psychoanalitycznych im. Hanny Segal (ISPHS)\",\"url\":\"https:\/\/isphs.pl\/\",\"logo\":{\"@type\":\"ImageObject\",\"inLanguage\":\"en-US\",\"@id\":\"https:\/\/isphs.pl\/#\/schema\/logo\/image\/\",\"url\":\"https:\/\/isphs.pl\/wp-content\/uploads\/2020\/02\/New-Project-2021-10-28T131524.324.png\",\"contentUrl\":\"https:\/\/isphs.pl\/wp-content\/uploads\/2020\/02\/New-Project-2021-10-28T131524.324.png\",\"width\":766,\"height\":268,\"caption\":\"Instytut Studi\u00f3w Psychoanalitycznych im. Hanny Segal (ISPHS)\"},\"image\":{\"@id\":\"https:\/\/isphs.pl\/#\/schema\/logo\/image\/\"}}]}<\/script>\n<!-- \/ Yoast SEO plugin. -->","yoast_head_json":{"title":"Clinic - Instytut Studi\u00f3w Psychoanalitycznych im. Hanny Segal (ISPHS)","robots":{"index":"index","follow":"follow","max-snippet":"max-snippet:-1","max-image-preview":"max-image-preview:large","max-video-preview":"max-video-preview:-1"},"canonical":"https:\/\/isphs.pl\/en\/clinic\/","og_locale":"en_US","og_type":"article","og_title":"Clinic - Instytut Studi\u00f3w Psychoanalitycznych im. Hanny Segal (ISPHS)","og_description":"The Psychotherapeutic Outpatient Clinic of The Hanna Segal\u00a0Institute for Psychoanalytic Studies The clinic works at: The Hanna Segal Institute for Psychoanalytic Studies \u00a0in Warsaw, Lanciego St. 9H\u00a0 The Hanna Segal Institute for Psychoanalytic Studies \u00a0in Gdynia, \u015awi\u0119toja\u0144ska St. 60\/2 The Hanna Segal Institute for Psychoanalytic Studies \u00a0in Krak\u00f3w, Komorowskiego St. 7\/5 Appointments can be scheduled...","og_url":"https:\/\/isphs.pl\/en\/clinic\/","og_site_name":"Instytut Studi\u00f3w Psychoanalitycznych im. Hanny Segal (ISPHS)","article_modified_time":"2026-01-22T13:10:29+00:00","twitter_card":"summary_large_image","twitter_misc":{"Est. reading time":"3 minutes"},"schema":{"@context":"https:\/\/schema.org","@graph":[{"@type":"WebPage","@id":"https:\/\/isphs.pl\/en\/clinic\/","url":"https:\/\/isphs.pl\/en\/clinic\/","name":"Clinic - Instytut Studi\u00f3w Psychoanalitycznych im. Hanny Segal (ISPHS)","isPartOf":{"@id":"https:\/\/isphs.pl\/#website"},"datePublished":"2021-12-01T22:48:55+00:00","dateModified":"2026-01-22T13:10:29+00:00","breadcrumb":{"@id":"https:\/\/isphs.pl\/en\/clinic\/#breadcrumb"},"inLanguage":"en-US","potentialAction":[{"@type":"ReadAction","target":["https:\/\/isphs.pl\/en\/clinic\/"]}]},{"@type":"BreadcrumbList","@id":"https:\/\/isphs.pl\/en\/clinic\/#breadcrumb","itemListElement":[{"@type":"ListItem","position":1,"name":"Strona g\u0142\u00f3wna","item":"https:\/\/isphs.pl\/en\/"},{"@type":"ListItem","position":2,"name":"Clinic"}]},{"@type":"WebSite","@id":"https:\/\/isphs.pl\/#website","url":"https:\/\/isphs.pl\/","name":"Instytut Studi\u00f3w Psychoanalitycznych im. Hanny Segal (ISPHS)","description":"","publisher":{"@id":"https:\/\/isphs.pl\/#organization"},"potentialAction":[{"@type":"SearchAction","target":{"@type":"EntryPoint","urlTemplate":"https:\/\/isphs.pl\/?s={search_term_string}"},"query-input":{"@type":"PropertyValueSpecification","valueRequired":true,"valueName":"search_term_string"}}],"inLanguage":"en-US"},{"@type":"Organization","@id":"https:\/\/isphs.pl\/#organization","name":"Instytut Studi\u00f3w Psychoanalitycznych im. Hanny Segal (ISPHS)","url":"https:\/\/isphs.pl\/","logo":{"@type":"ImageObject","inLanguage":"en-US","@id":"https:\/\/isphs.pl\/#\/schema\/logo\/image\/","url":"https:\/\/isphs.pl\/wp-content\/uploads\/2020\/02\/New-Project-2021-10-28T131524.324.png","contentUrl":"https:\/\/isphs.pl\/wp-content\/uploads\/2020\/02\/New-Project-2021-10-28T131524.324.png","width":766,"height":268,"caption":"Instytut Studi\u00f3w Psychoanalitycznych im. Hanny Segal (ISPHS)"},"image":{"@id":"https:\/\/isphs.pl\/#\/schema\/logo\/image\/"}}]}},"_links":{"self":[{"href":"https:\/\/isphs.pl\/en\/wp-json\/wp\/v2\/pages\/991896","targetHints":{"allow":["GET"]}}],"collection":[{"href":"https:\/\/isphs.pl\/en\/wp-json\/wp\/v2\/pages"}],"about":[{"href":"https:\/\/isphs.pl\/en\/wp-json\/wp\/v2\/types\/page"}],"author":[{"embeddable":true,"href":"https:\/\/isphs.pl\/en\/wp-json\/wp\/v2\/users\/1"}],"replies":[{"embeddable":true,"href":"https:\/\/isphs.pl\/en\/wp-json\/wp\/v2\/comments?post=991896"}],"version-history":[{"count":6,"href":"https:\/\/isphs.pl\/en\/wp-json\/wp\/v2\/pages\/991896\/revisions"}],"predecessor-version":[{"id":997373,"href":"https:\/\/isphs.pl\/en\/wp-json\/wp\/v2\/pages\/991896\/revisions\/997373"}],"wp:attachment":[{"href":"https:\/\/isphs.pl\/en\/wp-json\/wp\/v2\/media?parent=991896"}],"curies":[{"name":"wp","href":"https:\/\/api.w.org\/{rel}","templated":true}]}}