{"id":992400,"date":"2021-12-20T22:43:16","date_gmt":"2021-12-20T21:43:16","guid":{"rendered":"https:\/\/isphs.pl\/copyright-information\/"},"modified":"2021-12-21T22:53:16","modified_gmt":"2021-12-21T21:53:16","slug":"copyright-information","status":"publish","type":"page","link":"https:\/\/isphs.pl\/en\/copyright-information\/","title":{"rendered":"COPYRIGHT INFORMATION"},"content":{"rendered":"\t\t<div data-elementor-type=\"wp-page\" data-elementor-id=\"992400\" class=\"elementor elementor-992400 elementor-991294\" data-elementor-post-type=\"page\">\n\t\t\t\t\t\t<section class=\"elementor-section elementor-top-section elementor-element elementor-element-8ff5e5a elementor-section-height-min-height elementor-section-boxed elementor-section-height-default elementor-section-items-middle\" data-id=\"8ff5e5a\" data-element_type=\"section\" data-settings=\"{&quot;background_background&quot;:&quot;classic&quot;}\">\n\t\t\t\t\t\t\t<div class=\"elementor-background-overlay\"><\/div>\n\t\t\t\t\t\t\t<div class=\"elementor-container elementor-column-gap-default\">\n\t\t\t\t\t<div class=\"elementor-column elementor-col-100 elementor-top-column elementor-element elementor-element-5314774\" data-id=\"5314774\" data-element_type=\"column\" data-settings=\"{&quot;background_background&quot;:&quot;classic&quot;}\">\n\t\t\t<div class=\"elementor-widget-wrap\">\n\t\t\t\t\t\t\t<\/div>\n\t\t<\/div>\n\t\t\t\t\t<\/div>\n\t\t<\/section>\n\t\t\t\t<section class=\"elementor-section elementor-top-section elementor-element elementor-element-46fdca0 elementor-section-boxed elementor-section-height-default elementor-section-height-default\" data-id=\"46fdca0\" data-element_type=\"section\">\n\t\t\t\t\t\t<div class=\"elementor-container elementor-column-gap-no\">\n\t\t\t\t\t<div class=\"elementor-column elementor-col-50 elementor-top-column elementor-element elementor-element-ef3aa97 animated-fast elementor-invisible\" data-id=\"ef3aa97\" data-element_type=\"column\" data-settings=\"{&quot;background_background&quot;:&quot;classic&quot;,&quot;animation&quot;:&quot;fadeIn&quot;,&quot;animation_delay&quot;:100,&quot;animation_tablet&quot;:&quot;none&quot;,&quot;animation_mobile&quot;:&quot;none&quot;}\">\n\t\t\t<div class=\"elementor-widget-wrap elementor-element-populated\">\n\t\t\t\t\t\t<div class=\"elementor-element elementor-element-85349e5 elementor-widget elementor-widget-heading\" data-id=\"85349e5\" data-element_type=\"widget\" data-widget_type=\"heading.heading_charityfy\">\n\t\t\t\t<div class=\"elementor-widget-container\">\n\t\t\t\t\t<h1 class=\"elementor-heading-title elementor-size-default\">COPYRIGHT INFORMATION<\/h1>\t\t\t\t<\/div>\n\t\t\t\t<\/div>\n\t\t\t\t<div class=\"elementor-element elementor-element-36a1bab elementor-blockquote--skin-clean elementor-widget elementor-widget-blockquote\" data-id=\"36a1bab\" data-element_type=\"widget\" data-widget_type=\"blockquote.default\">\n\t\t\t\t<div class=\"elementor-widget-container\">\n\t\t\t\t\t\t\t<blockquote class=\"elementor-blockquote\">\n\t\t\t<p class=\"elementor-blockquote__content\">\n\t\t\t\t\"Na do\u015bwiadczenie estetyczne sk\u0142ada si\u0119 szczeg\u00f3lna konfiguracja tego co mo\u017cna nazwa\u0107 brzydkim i pi\u0119knym zarazem\"\t\t\t<\/p>\n\t\t\t\t\t\t\t<div class=\"e-q-footer\">\n\t\t\t\t\t\t\t\t\t\t\t<cite class=\"elementor-blockquote__author\">Hanna Segal<\/cite>\n\t\t\t\t\t\t\t\t\t\t\t\t\t\t<\/div>\n\t\t\t\t\t<\/blockquote>\n\t\t\t\t\t\t<\/div>\n\t\t\t\t<\/div>\n\t\t\t\t\t<\/div>\n\t\t<\/div>\n\t\t\t\t<div class=\"elementor-column elementor-col-50 elementor-top-column elementor-element elementor-element-db7852d elementor-hidden-desktop elementor-hidden-tablet elementor-hidden-phone\" data-id=\"db7852d\" data-element_type=\"column\">\n\t\t\t<div class=\"elementor-widget-wrap\">\n\t\t\t\t\t\t\t<\/div>\n\t\t<\/div>\n\t\t\t\t\t<\/div>\n\t\t<\/section>\n\t\t\t\t<section class=\"elementor-section elementor-top-section elementor-element elementor-element-5ad42829 elementor-section-boxed elementor-section-height-default elementor-section-height-default\" data-id=\"5ad42829\" data-element_type=\"section\">\n\t\t\t\t\t\t<div class=\"elementor-container elementor-column-gap-default\">\n\t\t\t\t\t<div class=\"elementor-column elementor-col-100 elementor-top-column elementor-element elementor-element-4f757cbc\" data-id=\"4f757cbc\" data-element_type=\"column\">\n\t\t\t<div class=\"elementor-widget-wrap elementor-element-populated\">\n\t\t\t\t\t\t<div class=\"elementor-element elementor-element-16166525 elementor-widget elementor-widget-text-editor\" data-id=\"16166525\" data-element_type=\"widget\" data-settings=\"{&quot;_animation&quot;:&quot;none&quot;,&quot;_animation_tablet&quot;:&quot;none&quot;,&quot;_animation_mobile&quot;:&quot;none&quot;,&quot;_animation_delay&quot;:200}\" data-widget_type=\"text-editor.default\">\n\t\t\t\t<div class=\"elementor-widget-container\">\n\t\t\t\t\t\t\t\t\t<p>COPYRIGHT\u00a0 INFORMATION<\/p><p>Certain works (hereinafter referred to as &#8220;Graphics&#8221;) available on the website <a href=\"http:\/\/www.isphs.pl\/\">www.isphs.pl<\/a> (hereinafter referred to as &#8220;Website&#8221;) belonging to Instytut Studi\u00f3w Psychoanalitycznych im. Hanny Segal, Tax Identification Number (NIP): <a href=\"tel:5851467829\">5851467829<\/a> ul. Lanciego 9H, 02-792 Warsaw, e-mail: kontakt@isphs.pl, phone:\u00a0 +48 697485747t(hereinafter referred to as &#8220;Institute&#8221;), clearly indicated on the Website, are works on which, as a rule, economic copyrights have expired pursuant to Art. 36 of the Act of February 4, 1994 on copyright and related rights (Journal of Laws 2021.1062, consolidated text) &#8211; hereinafter referred to as &#8220;IP Act&#8221;, i.e. due to the lapse of 70 years from the death of the creator \/ author. The expiry of the economic copyrights means the &#8220;entry&#8221; of the work into the so-called &#8220;Public domain&#8221;. These Graphics come from the Public domain, in particular from portal <a href=\"https:\/\/www.wikiart.org\/\">https:\/\/www.wikiart.org<\/a>. and their use by the Institute, as a rule, is not limited by economic copyrights. This does not mean, however, depriving the authors of Graphic of their protection in terms of moral rights, which the Institute pays attention to and respects.<\/p><p>Other materials available on the Website are, as a rule, works within the meaning of Art. 1 of IP Act and are protected by copyright under the law. The Institute is the owner of the economic copyrights to these works. The Institute reserves that further dissemination of these works that are not Graphics, including their copying and dissemination, is prohibited.<\/p><p>The Institute also kindly requests, in the event of a violation of the economic or moral copyrights to Graphics available in the Public domain used by the Website, to notify the Institute of such violation to the e-mail address: <a href=\"https:\/\/poczta.onet.pl\/NowaWiadomosc\/Do\/QlIkBFQ6QUFhIVRZX192dnQBeCtCchEzHAouIlhRARduDgAUDkAaQgpBQUFBVCVGX18dBRtTEQcBF1UyQUoDDAgIVQITEFZndFBLRlsgajZIblhVZRQcVlEe\">kontakt@isphs.pl<\/a>, in order to clarify the legal situation of such circumstance.<\/p>\t\t\t\t\t\t\t\t<\/div>\n\t\t\t\t<\/div>\n\t\t\t\t\t<\/div>\n\t\t<\/div>\n\t\t\t\t\t<\/div>\n\t\t<\/section>\n\t\t\t\t<\/div>\n\t\t","protected":false},"excerpt":{"rendered":"<p>COPYRIGHT INFORMATION &#8220;Na do\u015bwiadczenie estetyczne sk\u0142ada si\u0119 szczeg\u00f3lna konfiguracja tego co mo\u017cna nazwa\u0107 brzydkim i pi\u0119knym zarazem&#8221; Hanna Segal COPYRIGHT\u00a0 INFORMATION Certain works (hereinafter referred to as &#8220;Graphics&#8221;) available on the website www.isphs.pl (hereinafter referred to as &#8220;Website&#8221;) belonging to Instytut Studi\u00f3w Psychoanalitycznych im. Hanny Segal, Tax Identification Number (NIP): 5851467829 ul. Lanciego 9H, 02-792&#8230;<\/p>\n","protected":false},"author":1,"featured_media":0,"parent":0,"menu_order":0,"comment_status":"closed","ping_status":"open","template":"","meta":{"footnotes":""},"class_list":["post-992400","page","type-page","status-publish","hentry"],"yoast_head":"<!-- This site is optimized with the Yoast SEO plugin v26.8 - https:\/\/yoast.com\/product\/yoast-seo-wordpress\/ -->\n<title>COPYRIGHT INFORMATION - Instytut Studi\u00f3w Psychoanalitycznych im. Hanny Segal (ISPHS)<\/title>\n<meta name=\"robots\" content=\"index, follow, max-snippet:-1, max-image-preview:large, max-video-preview:-1\" \/>\n<link rel=\"canonical\" href=\"https:\/\/isphs.pl\/en\/copyright-information\/\" \/>\n<meta property=\"og:locale\" content=\"en_US\" \/>\n<meta property=\"og:type\" content=\"article\" \/>\n<meta property=\"og:title\" content=\"COPYRIGHT INFORMATION - Instytut Studi\u00f3w Psychoanalitycznych im. Hanny Segal (ISPHS)\" \/>\n<meta property=\"og:description\" content=\"COPYRIGHT INFORMATION &#8220;Na do\u015bwiadczenie estetyczne sk\u0142ada si\u0119 szczeg\u00f3lna konfiguracja tego co mo\u017cna nazwa\u0107 brzydkim i pi\u0119knym zarazem&#8221; Hanna Segal COPYRIGHT\u00a0 INFORMATION Certain works (hereinafter referred to as &#8220;Graphics&#8221;) available on the website www.isphs.pl (hereinafter referred to as &#8220;Website&#8221;) belonging to Instytut Studi\u00f3w Psychoanalitycznych im. Hanny Segal, Tax Identification Number (NIP): 5851467829 ul. Lanciego 9H, 02-792...\" \/>\n<meta property=\"og:url\" content=\"https:\/\/isphs.pl\/en\/copyright-information\/\" \/>\n<meta property=\"og:site_name\" content=\"Instytut Studi\u00f3w Psychoanalitycznych im. Hanny Segal (ISPHS)\" \/>\n<meta property=\"article:modified_time\" content=\"2021-12-21T21:53:16+00:00\" \/>\n<meta name=\"twitter:card\" content=\"summary_large_image\" \/>\n<meta name=\"twitter:label1\" content=\"Est. reading time\" \/>\n\t<meta name=\"twitter:data1\" content=\"2 minutes\" \/>\n<script type=\"application\/ld+json\" class=\"yoast-schema-graph\">{\"@context\":\"https:\/\/schema.org\",\"@graph\":[{\"@type\":\"WebPage\",\"@id\":\"https:\/\/isphs.pl\/en\/copyright-information\/\",\"url\":\"https:\/\/isphs.pl\/en\/copyright-information\/\",\"name\":\"COPYRIGHT INFORMATION - Instytut Studi\u00f3w Psychoanalitycznych im. Hanny Segal (ISPHS)\",\"isPartOf\":{\"@id\":\"https:\/\/isphs.pl\/#website\"},\"datePublished\":\"2021-12-20T21:43:16+00:00\",\"dateModified\":\"2021-12-21T21:53:16+00:00\",\"breadcrumb\":{\"@id\":\"https:\/\/isphs.pl\/en\/copyright-information\/#breadcrumb\"},\"inLanguage\":\"en-US\",\"potentialAction\":[{\"@type\":\"ReadAction\",\"target\":[\"https:\/\/isphs.pl\/en\/copyright-information\/\"]}]},{\"@type\":\"BreadcrumbList\",\"@id\":\"https:\/\/isphs.pl\/en\/copyright-information\/#breadcrumb\",\"itemListElement\":[{\"@type\":\"ListItem\",\"position\":1,\"name\":\"Strona g\u0142\u00f3wna\",\"item\":\"https:\/\/isphs.pl\/en\/\"},{\"@type\":\"ListItem\",\"position\":2,\"name\":\"COPYRIGHT INFORMATION\"}]},{\"@type\":\"WebSite\",\"@id\":\"https:\/\/isphs.pl\/#website\",\"url\":\"https:\/\/isphs.pl\/\",\"name\":\"Instytut Studi\u00f3w Psychoanalitycznych im. Hanny Segal (ISPHS)\",\"description\":\"\",\"publisher\":{\"@id\":\"https:\/\/isphs.pl\/#organization\"},\"potentialAction\":[{\"@type\":\"SearchAction\",\"target\":{\"@type\":\"EntryPoint\",\"urlTemplate\":\"https:\/\/isphs.pl\/?s={search_term_string}\"},\"query-input\":{\"@type\":\"PropertyValueSpecification\",\"valueRequired\":true,\"valueName\":\"search_term_string\"}}],\"inLanguage\":\"en-US\"},{\"@type\":\"Organization\",\"@id\":\"https:\/\/isphs.pl\/#organization\",\"name\":\"Instytut Studi\u00f3w Psychoanalitycznych im. Hanny Segal (ISPHS)\",\"url\":\"https:\/\/isphs.pl\/\",\"logo\":{\"@type\":\"ImageObject\",\"inLanguage\":\"en-US\",\"@id\":\"https:\/\/isphs.pl\/#\/schema\/logo\/image\/\",\"url\":\"https:\/\/isphs.pl\/wp-content\/uploads\/2020\/02\/New-Project-2021-10-28T131524.324.png\",\"contentUrl\":\"https:\/\/isphs.pl\/wp-content\/uploads\/2020\/02\/New-Project-2021-10-28T131524.324.png\",\"width\":766,\"height\":268,\"caption\":\"Instytut Studi\u00f3w Psychoanalitycznych im. Hanny Segal (ISPHS)\"},\"image\":{\"@id\":\"https:\/\/isphs.pl\/#\/schema\/logo\/image\/\"}}]}<\/script>\n<!-- \/ Yoast SEO plugin. -->","yoast_head_json":{"title":"COPYRIGHT INFORMATION - Instytut Studi\u00f3w Psychoanalitycznych im. Hanny Segal (ISPHS)","robots":{"index":"index","follow":"follow","max-snippet":"max-snippet:-1","max-image-preview":"max-image-preview:large","max-video-preview":"max-video-preview:-1"},"canonical":"https:\/\/isphs.pl\/en\/copyright-information\/","og_locale":"en_US","og_type":"article","og_title":"COPYRIGHT INFORMATION - Instytut Studi\u00f3w Psychoanalitycznych im. Hanny Segal (ISPHS)","og_description":"COPYRIGHT INFORMATION &#8220;Na do\u015bwiadczenie estetyczne sk\u0142ada si\u0119 szczeg\u00f3lna konfiguracja tego co mo\u017cna nazwa\u0107 brzydkim i pi\u0119knym zarazem&#8221; Hanna Segal COPYRIGHT\u00a0 INFORMATION Certain works (hereinafter referred to as &#8220;Graphics&#8221;) available on the website www.isphs.pl (hereinafter referred to as &#8220;Website&#8221;) belonging to Instytut Studi\u00f3w Psychoanalitycznych im. Hanny Segal, Tax Identification Number (NIP): 5851467829 ul. Lanciego 9H, 02-792...","og_url":"https:\/\/isphs.pl\/en\/copyright-information\/","og_site_name":"Instytut Studi\u00f3w Psychoanalitycznych im. Hanny Segal (ISPHS)","article_modified_time":"2021-12-21T21:53:16+00:00","twitter_card":"summary_large_image","twitter_misc":{"Est. reading time":"2 minutes"},"schema":{"@context":"https:\/\/schema.org","@graph":[{"@type":"WebPage","@id":"https:\/\/isphs.pl\/en\/copyright-information\/","url":"https:\/\/isphs.pl\/en\/copyright-information\/","name":"COPYRIGHT INFORMATION - Instytut Studi\u00f3w Psychoanalitycznych im. Hanny Segal (ISPHS)","isPartOf":{"@id":"https:\/\/isphs.pl\/#website"},"datePublished":"2021-12-20T21:43:16+00:00","dateModified":"2021-12-21T21:53:16+00:00","breadcrumb":{"@id":"https:\/\/isphs.pl\/en\/copyright-information\/#breadcrumb"},"inLanguage":"en-US","potentialAction":[{"@type":"ReadAction","target":["https:\/\/isphs.pl\/en\/copyright-information\/"]}]},{"@type":"BreadcrumbList","@id":"https:\/\/isphs.pl\/en\/copyright-information\/#breadcrumb","itemListElement":[{"@type":"ListItem","position":1,"name":"Strona g\u0142\u00f3wna","item":"https:\/\/isphs.pl\/en\/"},{"@type":"ListItem","position":2,"name":"COPYRIGHT INFORMATION"}]},{"@type":"WebSite","@id":"https:\/\/isphs.pl\/#website","url":"https:\/\/isphs.pl\/","name":"Instytut Studi\u00f3w Psychoanalitycznych im. Hanny Segal (ISPHS)","description":"","publisher":{"@id":"https:\/\/isphs.pl\/#organization"},"potentialAction":[{"@type":"SearchAction","target":{"@type":"EntryPoint","urlTemplate":"https:\/\/isphs.pl\/?s={search_term_string}"},"query-input":{"@type":"PropertyValueSpecification","valueRequired":true,"valueName":"search_term_string"}}],"inLanguage":"en-US"},{"@type":"Organization","@id":"https:\/\/isphs.pl\/#organization","name":"Instytut Studi\u00f3w Psychoanalitycznych im. Hanny Segal (ISPHS)","url":"https:\/\/isphs.pl\/","logo":{"@type":"ImageObject","inLanguage":"en-US","@id":"https:\/\/isphs.pl\/#\/schema\/logo\/image\/","url":"https:\/\/isphs.pl\/wp-content\/uploads\/2020\/02\/New-Project-2021-10-28T131524.324.png","contentUrl":"https:\/\/isphs.pl\/wp-content\/uploads\/2020\/02\/New-Project-2021-10-28T131524.324.png","width":766,"height":268,"caption":"Instytut Studi\u00f3w Psychoanalitycznych im. Hanny Segal (ISPHS)"},"image":{"@id":"https:\/\/isphs.pl\/#\/schema\/logo\/image\/"}}]}},"_links":{"self":[{"href":"https:\/\/isphs.pl\/en\/wp-json\/wp\/v2\/pages\/992400","targetHints":{"allow":["GET"]}}],"collection":[{"href":"https:\/\/isphs.pl\/en\/wp-json\/wp\/v2\/pages"}],"about":[{"href":"https:\/\/isphs.pl\/en\/wp-json\/wp\/v2\/types\/page"}],"author":[{"embeddable":true,"href":"https:\/\/isphs.pl\/en\/wp-json\/wp\/v2\/users\/1"}],"replies":[{"embeddable":true,"href":"https:\/\/isphs.pl\/en\/wp-json\/wp\/v2\/comments?post=992400"}],"version-history":[{"count":0,"href":"https:\/\/isphs.pl\/en\/wp-json\/wp\/v2\/pages\/992400\/revisions"}],"wp:attachment":[{"href":"https:\/\/isphs.pl\/en\/wp-json\/wp\/v2\/media?parent=992400"}],"curies":[{"name":"wp","href":"https:\/\/api.w.org\/{rel}","templated":true}]}}